{"id":1345,"date":"2024-10-03T09:24:41","date_gmt":"2024-10-03T09:24:41","guid":{"rendered":"https:\/\/to3fxbjivi.preview.infomaniak.website\/?page_id=1345"},"modified":"2024-10-03T09:26:56","modified_gmt":"2024-10-03T09:26:56","slug":"newsletter","status":"publish","type":"page","link":"https:\/\/eezym.com\/fr\/newsletter\/","title":{"rendered":"Newsletter"},"content":{"rendered":"<div class=\"wpb-content-wrapper\"><p>[vc_row][vc_column]<div class=\"wpforms-container wpforms-container-full wpforms-render-modern\" id=\"wpforms-1341\"><form id=\"wpforms-form-1341\" class=\"wpforms-validate wpforms-form wpforms-ajax-form\" data-formid=\"1341\" method=\"post\" enctype=\"multipart\/form-data\" action=\"\/fr\/wp-json\/wp\/v2\/pages\/1345\" data-token=\"cf65c4ec4a9113aa121d6f55858674ad\" data-token-time=\"1775942965\"><div class=\"wpforms-head-container\"><div class=\"wpforms-title\">Formulaire d&#039;inscription \u00e0 notre newsletter<\/div><\/div><noscript class=\"wpforms-error-noscript\">Veuillez activer JavaScript dans votre navigateur pour remplir ce formulaire.<\/noscript><div class=\"wpforms-hidden\" id=\"wpforms-error-noscript\">Veuillez activer JavaScript dans votre navigateur pour remplir ce formulaire.<\/div><div class=\"wpforms-field-container\"><div id=\"wpforms-1341-field_1-container\" class=\"wpforms-field wpforms-field-layout\" data-field-id=\"1\"><label class=\"wpforms-field-label wpforms-label-hide\" aria-hidden=\"false\">Layout<\/label><div class=\"wpforms-field-layout-rows wpforms-field-large\"><div class=\"wpforms-layout-row\"><div class=\"wpforms-layout-column wpforms-layout-column-50\"><div id=\"wpforms-1341-field_3-container\" class=\"wpforms-field wpforms-field-text\" data-field-id=\"3\"><label class=\"wpforms-field-label wpforms-label-hide\" for=\"wpforms-1341-field_3\" aria-hidden=\"false\">Pr\u00e9nom<\/label><input type=\"text\" id=\"wpforms-1341-field_3\" class=\"wpforms-field-medium\" name=\"wpforms[fields][3]\" placeholder=\"Pr\u00e9nom\" aria-errormessage=\"wpforms-1341-field_3-error\" ><\/div><\/div><div class=\"wpforms-layout-column wpforms-layout-column-50\"><div id=\"wpforms-1341-field_4-container\" class=\"wpforms-field wpforms-field-text\" data-field-id=\"4\"><label class=\"wpforms-field-label wpforms-label-hide\" for=\"wpforms-1341-field_4\" aria-hidden=\"false\">Nom<\/label><input type=\"text\" id=\"wpforms-1341-field_4\" class=\"wpforms-field-medium\" name=\"wpforms[fields][4]\" placeholder=\"Nom\" aria-errormessage=\"wpforms-1341-field_4-error\" ><\/div><\/div><\/div><\/div><\/div><div id=\"wpforms-1341-field_6-container\" class=\"wpforms-field wpforms-field-email\" data-field-id=\"6\"><label class=\"wpforms-field-label wpforms-label-hide\" for=\"wpforms-1341-field_6\" aria-hidden=\"false\">Email <span class=\"wpforms-required-label\" aria-hidden=\"true\">*<\/span><\/label><input type=\"email\" id=\"wpforms-1341-field_6\" class=\"wpforms-field-large wpforms-field-required\" name=\"wpforms[fields][6]\" placeholder=\"Email*\" spellcheck=\"false\" aria-errormessage=\"wpforms-1341-field_6-error\" required><\/div><div id=\"wpforms-1341-field_10-container\" class=\"wpforms-field wpforms-field-checkbox\" data-field-id=\"10\"><fieldset><legend class=\"wpforms-field-label wpforms-label-hide\" aria-hidden=\"false\">PC <span class=\"wpforms-required-label\" aria-hidden=\"true\">*<\/span><\/legend><ul id=\"wpforms-1341-field_10\" class=\"wpforms-field-required\"><li class=\"choice-1 depth-1\"><input type=\"checkbox\" id=\"wpforms-1341-field_10_1\" name=\"wpforms[fields][10][]\" value=\"J&#039;ai lu et j&#039;accepte la &lt;a target=&quot;_blank&quot; href=&quot;\/wp-content\/uploads\/2024\/09\/Politique-de-confidentialite_texte-FR.pdf&quot;&gt;Politique de confidentialit\u00e9&lt;\/a&gt; du site.\" aria-errormessage=\"wpforms-1341-field_10_1-error\" required ><label class=\"wpforms-field-label-inline\" for=\"wpforms-1341-field_10_1\">J'ai lu et j'accepte la <a target=\"_blank\" href=\"\/wp-content\/uploads\/2024\/09\/Politique-de-confidentialite_texte-FR.pdf\">Politique de confidentialit\u00e9<\/a> du site.<\/label><\/li><\/ul><\/fieldset><\/div><div id=\"wpforms-1341-field_11-container\" class=\"wpforms-field wpforms-field-checkbox\" data-field-id=\"11\"><fieldset><legend class=\"wpforms-field-label wpforms-label-hide\" aria-hidden=\"false\">Traitement <span class=\"wpforms-required-label\" aria-hidden=\"true\">*<\/span><\/legend><ul id=\"wpforms-1341-field_11\" class=\"wpforms-field-required\"><li class=\"choice-1 depth-1\"><input type=\"checkbox\" id=\"wpforms-1341-field_11_1\" name=\"wpforms[fields][11][]\" value=\"J&#039;accepte que mes informations personnelles soient utilis\u00e9es pour me contacter en r\u00e9ponse \u00e0 ma demande de contact.\" aria-errormessage=\"wpforms-1341-field_11_1-error\" required ><label class=\"wpforms-field-label-inline\" for=\"wpforms-1341-field_11_1\">J'accepte que mes informations personnelles soient utilis\u00e9es pour me contacter en r\u00e9ponse \u00e0 ma demande de contact.<\/label><\/li><\/ul><\/fieldset><\/div><div id=\"wpforms-1341-field_12-container\" class=\"wpforms-field wpforms-field-checkbox\" data-field-id=\"12\"><fieldset><legend class=\"wpforms-field-label wpforms-label-hide\" aria-hidden=\"false\">Newsletter<\/legend><ul id=\"wpforms-1341-field_12\"><li class=\"choice-1 depth-1\"><input type=\"checkbox\" id=\"wpforms-1341-field_12_1\" name=\"wpforms[fields][12][]\" value=\"Je souhaite recevoir la newsletter et les communications marketing de Eezym.\" aria-errormessage=\"wpforms-1341-field_12_1-error\"  ><label class=\"wpforms-field-label-inline\" for=\"wpforms-1341-field_12_1\">Je souhaite recevoir la newsletter et les communications marketing de Eezym.<\/label><\/li><\/ul><\/fieldset><\/div><\/div><!-- .wpforms-field-container --><div class=\"wpforms-recaptcha-container wpforms-is-recaptcha wpforms-is-recaptcha-type-v3\" ><input type=\"hidden\" name=\"wpforms[recaptcha]\" value=\"\"><\/div><div class=\"wpforms-submit-container\" ><input type=\"hidden\" name=\"wpforms[id]\" value=\"1341\"><input type=\"hidden\" name=\"page_title\" value=\"\"><input type=\"hidden\" name=\"page_url\" value=\"https:\/\/eezym.com\/fr\/wp-json\/wp\/v2\/pages\/1345\"><button type=\"submit\" name=\"wpforms[submit]\" id=\"wpforms-submit-1341\" class=\"wpforms-submit\" data-alt-text=\"Envoi...\" data-submit-text=\"Envoyer\" aria-live=\"assertive\" value=\"wpforms-submit\">Envoyer<\/button><img loading=\"lazy\" decoding=\"async\" src=\"https:\/\/eezym.com\/wp-content\/plugins\/wpforms\/assets\/images\/submit-spin.svg\" class=\"wpforms-submit-spinner\" style=\"display: none;\" width=\"26\" height=\"26\" alt=\"Chargement en cours\"><\/div><\/form><\/div>  <!-- .wpforms-container -->[\/vc_column][\/vc_row]<\/p>\n<\/div>","protected":false},"excerpt":{"rendered":"[vc_row][vc_column][\/vc_column][\/vc_row]","protected":false},"author":2,"featured_media":0,"parent":0,"menu_order":0,"comment_status":"closed","ping_status":"closed","template":"","meta":{"_acf_changed":false,"footnotes":""},"class_list":["post-1345","page","type-page","status-publish","hentry"],"acf":[],"yoast_head":"<!-- This site is optimized with the Yoast SEO Premium plugin v23.0 (Yoast SEO v23.0) - https:\/\/yoast.com\/wordpress\/plugins\/seo\/ -->\n<title>Newsletter - Eezym<\/title>\n<meta name=\"robots\" content=\"index, follow, max-snippet:-1, max-image-preview:large, max-video-preview:-1\" \/>\n<link rel=\"canonical\" href=\"https:\/\/eezym.com\/fr\/newsletter\/\" \/>\n<meta property=\"og:locale\" content=\"fr_FR\" \/>\n<meta property=\"og:type\" content=\"article\" \/>\n<meta property=\"og:title\" content=\"Newsletter\" \/>\n<meta property=\"og:description\" content=\"[vc_row][vc_column][\/vc_column][\/vc_row]\" \/>\n<meta property=\"og:url\" content=\"https:\/\/eezym.com\/fr\/newsletter\/\" \/>\n<meta property=\"og:site_name\" content=\"Eezym\" \/>\n<meta property=\"article:modified_time\" content=\"2024-10-03T09:26:56+00:00\" \/>\n<meta name=\"twitter:card\" content=\"summary_large_image\" \/>\n<meta name=\"twitter:label1\" content=\"Dur\u00e9e de lecture estim\u00e9e\" \/>\n\t<meta name=\"twitter:data1\" content=\"1 minute\" \/>\n<script type=\"application\/ld+json\" class=\"yoast-schema-graph\">{\"@context\":\"https:\/\/schema.org\",\"@graph\":[{\"@type\":\"WebPage\",\"@id\":\"https:\/\/eezym.com\/fr\/newsletter\/\",\"url\":\"https:\/\/eezym.com\/fr\/newsletter\/\",\"name\":\"Newsletter - Eezym\",\"isPartOf\":{\"@id\":\"https:\/\/eezym.com\/fr\/#website\"},\"datePublished\":\"2024-10-03T09:24:41+00:00\",\"dateModified\":\"2024-10-03T09:26:56+00:00\",\"breadcrumb\":{\"@id\":\"https:\/\/eezym.com\/fr\/newsletter\/#breadcrumb\"},\"inLanguage\":\"fr-FR\",\"potentialAction\":[{\"@type\":\"ReadAction\",\"target\":[\"https:\/\/eezym.com\/fr\/newsletter\/\"]}]},{\"@type\":\"BreadcrumbList\",\"@id\":\"https:\/\/eezym.com\/fr\/newsletter\/#breadcrumb\",\"itemListElement\":[{\"@type\":\"ListItem\",\"position\":1,\"name\":\"Accueil\",\"item\":\"https:\/\/eezym.com\/fr\/\"},{\"@type\":\"ListItem\",\"position\":2,\"name\":\"Newsletter\"}]},{\"@type\":\"WebSite\",\"@id\":\"https:\/\/eezym.com\/fr\/#website\",\"url\":\"https:\/\/eezym.com\/fr\/\",\"name\":\"Eezym\",\"description\":\"Eezym ce sont des produits de nettoyage d&#039;origine naturelle mais aussi hyper efficaces! En plus, tout est con\u00e7u et fabriqu\u00e9 en Belgique.\",\"potentialAction\":[{\"@type\":\"SearchAction\",\"target\":{\"@type\":\"EntryPoint\",\"urlTemplate\":\"https:\/\/eezym.com\/fr\/?s={search_term_string}\"},\"query-input\":\"required name=search_term_string\"}],\"inLanguage\":\"fr-FR\"}]}<\/script>\n<!-- \/ Yoast SEO Premium plugin. -->","yoast_head_json":{"title":"Newsletter - Eezym","robots":{"index":"index","follow":"follow","max-snippet":"max-snippet:-1","max-image-preview":"max-image-preview:large","max-video-preview":"max-video-preview:-1"},"canonical":"https:\/\/eezym.com\/fr\/newsletter\/","og_locale":"fr_FR","og_type":"article","og_title":"Newsletter","og_description":"[vc_row][vc_column][\/vc_column][\/vc_row]","og_url":"https:\/\/eezym.com\/fr\/newsletter\/","og_site_name":"Eezym","article_modified_time":"2024-10-03T09:26:56+00:00","twitter_card":"summary_large_image","twitter_misc":{"Dur\u00e9e de lecture estim\u00e9e":"1 minute"},"schema":{"@context":"https:\/\/schema.org","@graph":[{"@type":"WebPage","@id":"https:\/\/eezym.com\/fr\/newsletter\/","url":"https:\/\/eezym.com\/fr\/newsletter\/","name":"Newsletter - Eezym","isPartOf":{"@id":"https:\/\/eezym.com\/fr\/#website"},"datePublished":"2024-10-03T09:24:41+00:00","dateModified":"2024-10-03T09:26:56+00:00","breadcrumb":{"@id":"https:\/\/eezym.com\/fr\/newsletter\/#breadcrumb"},"inLanguage":"fr-FR","potentialAction":[{"@type":"ReadAction","target":["https:\/\/eezym.com\/fr\/newsletter\/"]}]},{"@type":"BreadcrumbList","@id":"https:\/\/eezym.com\/fr\/newsletter\/#breadcrumb","itemListElement":[{"@type":"ListItem","position":1,"name":"Accueil","item":"https:\/\/eezym.com\/fr\/"},{"@type":"ListItem","position":2,"name":"Newsletter"}]},{"@type":"WebSite","@id":"https:\/\/eezym.com\/fr\/#website","url":"https:\/\/eezym.com\/fr\/","name":"Eezym","description":"Eezym ce sont des produits de nettoyage d&#039;origine naturelle mais aussi hyper efficaces! En plus, tout est con\u00e7u et fabriqu\u00e9 en Belgique.","potentialAction":[{"@type":"SearchAction","target":{"@type":"EntryPoint","urlTemplate":"https:\/\/eezym.com\/fr\/?s={search_term_string}"},"query-input":"required name=search_term_string"}],"inLanguage":"fr-FR"}]}},"_links":{"self":[{"href":"https:\/\/eezym.com\/fr\/wp-json\/wp\/v2\/pages\/1345","targetHints":{"allow":["GET"]}}],"collection":[{"href":"https:\/\/eezym.com\/fr\/wp-json\/wp\/v2\/pages"}],"about":[{"href":"https:\/\/eezym.com\/fr\/wp-json\/wp\/v2\/types\/page"}],"author":[{"embeddable":true,"href":"https:\/\/eezym.com\/fr\/wp-json\/wp\/v2\/users\/2"}],"replies":[{"embeddable":true,"href":"https:\/\/eezym.com\/fr\/wp-json\/wp\/v2\/comments?post=1345"}],"version-history":[{"count":2,"href":"https:\/\/eezym.com\/fr\/wp-json\/wp\/v2\/pages\/1345\/revisions"}],"predecessor-version":[{"id":1349,"href":"https:\/\/eezym.com\/fr\/wp-json\/wp\/v2\/pages\/1345\/revisions\/1349"}],"wp:attachment":[{"href":"https:\/\/eezym.com\/fr\/wp-json\/wp\/v2\/media?parent=1345"}],"curies":[{"name":"wp","href":"https:\/\/api.w.org\/{rel}","templated":true}]}}