{"id":49,"date":"2024-06-18T10:59:56","date_gmt":"2024-06-18T10:59:56","guid":{"rendered":"https:\/\/to3fxbjivi.preview.infomaniak.website\/?page_id=49"},"modified":"2025-10-20T12:48:46","modified_gmt":"2025-10-20T12:48:46","slug":"faq","status":"publish","type":"page","link":"https:\/\/eezym.com\/fr\/faq\/","title":{"rendered":"FAQ"},"content":{"rendered":"<div class=\"wpb-content-wrapper\"><p>[vc_row][vc_column width=\u00a0\u00bb4\/12&Prime;][vc_column_text css=\u00a0\u00bb\u00a0\u00bb]<\/p>\n<h4>Retrouvez dans cette rubrique, les r\u00e9ponses aux questions les plus fr\u00e9quentes.<\/h4>\n<p>[\/vc_column_text][\/vc_column][vc_column width=\u00a0\u00bb8\/12&Prime; el_class=\u00a0\u00bbfaq\u00a0\u00bb][vc_toggle title=\u00a0\u00bbPuis-je me laver les mains avec ce type de produit?\u00a0\u00bb style=\u00a0\u00bbarrow\u00a0\u00bb custom_font_container=\u00a0\u00bbtag:h4|text_align:left\u00a0\u00bb custom_use_theme_fonts=\u00a0\u00bbyes\u00a0\u00bb css=\u00a0\u00bb\u00a0\u00bb use_custom_heading=\u00a0\u00bbtrue\u00a0\u00bb]Leur pH est neutre et permet, par exemple, de l&rsquo;utiliser pour se laver les mains. Ne laissant pas de r\u00e9sidu chimique qui peut causer des irritations, elles sont parfaites pour les personnes sensibles de la peau.[\/vc_toggle][vc_toggle title=\u00a0\u00bbLes enzymes sont-elles toxiques?\u00a0\u00bb style=\u00a0\u00bbarrow\u00a0\u00bb custom_font_container=\u00a0\u00bbtag:h4|text_align:left\u00a0\u00bb custom_use_theme_fonts=\u00a0\u00bbyes\u00a0\u00bb css=\u00a0\u00bb\u00a0\u00bb use_custom_heading=\u00a0\u00bbtrue\u00a0\u00bb]Non canc\u00e9rig\u00e8nes d\u2019abord: tous les ingr\u00e9dients sont exempts de contaminants canc\u00e9rig\u00e8nes, de mutag\u00e8nes ou de perturbateurs endocriniens. Ne contiennent pas de nitrates, de phosphates ou d\u2019agents de blanchiment fluorescents. Sans chlore ou ammoniaque. Sans parfums ou colorants artificiels (dont on sait que 95% sont \u00e0 base de p\u00e9trole\u2026). La liste n\u2019est pas compl\u00e8te, du coup en 1 mot : non-toxique![\/vc_toggle][vc_toggle title=\u00a0\u00bbQu&rsquo;en est-il des enzymes et de la sant\u00e9?\u00a0\u00bb style=\u00a0\u00bbarrow\u00a0\u00bb custom_font_container=\u00a0\u00bbtag:h4|text_align:left\u00a0\u00bb custom_use_theme_fonts=\u00a0\u00bbyes\u00a0\u00bb css=\u00a0\u00bb\u00a0\u00bb use_custom_heading=\u00a0\u00bbtrue\u00a0\u00bb]Les enzymes seront approuv\u00e9es par vos enfants! Naturelles et non-toxiques, votre b\u00e9b\u00e9 peut gambader \u00e0 quatre pattes sans risque d\u2019entrer en contact avec des r\u00e9sidus chimiques toxiques que propagent les produits chimiques traditionnels.[\/vc_toggle][vc_toggle title=\u00a0\u00bbLa diff\u00e9rence avec la p\u00e9trochimie?\u00a0\u00bb style=\u00a0\u00bbarrow\u00a0\u00bb custom_font_container=\u00a0\u00bbtag:h4|text_align:left\u00a0\u00bb custom_use_theme_fonts=\u00a0\u00bbyes\u00a0\u00bb css=\u00a0\u00bb\u00a0\u00bb use_custom_heading=\u00a0\u00bbtrue\u00a0\u00bb]Les enzymes sont d\u2019origine microbienne, donc renouvelables, par opposition aux mati\u00e8res premi\u00e8res d\u2019origine p\u00e9trochimique.[\/vc_toggle][vc_toggle title=\u00a0\u00bbLes produits naturels, \u00e7a fonctionne?\u00a0\u00bb style=\u00a0\u00bbarrow\u00a0\u00bb custom_font_container=\u00a0\u00bbtag:h4|text_align:left\u00a0\u00bb custom_use_theme_fonts=\u00a0\u00bbyes\u00a0\u00bb css=\u00a0\u00bb\u00a0\u00bb use_custom_heading=\u00a0\u00bbtrue\u00a0\u00bb]Notre inconscient nous dit : \u201cSoit c\u2019est chimique\/toxique et \u00e7a arrache, soit c\u2019est \u00e9co et c\u2019est trop gentil pour nettoyer. Les deux, c\u2019est impossible!\u201d. Les enzymes ont r\u00e9solu ce paradoxe! Plut\u00f4t que de soulever gentiment les salet\u00e9s, elles les d\u00e9sint\u00e8grent, \u00e0 une vitesse de 3 millions de d\u00e9coupages par seconde. Laissez-leur donc quelques secondes, respirez, et hop, c\u2019est fait, suffit de rincer![\/vc_toggle][vc_toggle title=\u00a0\u00bbLes enzymes s&rsquo;attaquent-elles \u00e0 autre chose que la salet\u00e9 (canalisations&#8230;)?\u00a0\u00bb style=\u00a0\u00bbarrow\u00a0\u00bb custom_font_container=\u00a0\u00bbtag:h4|text_align:left\u00a0\u00bb custom_use_theme_fonts=\u00a0\u00bbyes\u00a0\u00bb css=\u00a0\u00bb\u00a0\u00bb use_custom_heading=\u00a0\u00bbtrue\u00a0\u00bb el_class=\u00a0\u00bblast\u00a0\u00bb]Ne vous en faites pas, les enzymes ont un pH neutre, donc ne sont pas corrosives, ni pour vos meubles ou tout autre mat\u00e9riau. Et c\u2019est m\u00eame doux pour la peau.[\/vc_toggle][vc_empty_space height=\u00a0\u00bb1px\u00a0\u00bb el_class=\u00a0\u00bbmpadding\u00a0\u00bb][\/vc_column][\/vc_row][vc_row full_width=\u00a0\u00bbstretch_row\u00a0\u00bb el_class=\u00a0\u00bbblue-gradiant\u00a0\u00bb][vc_column][vc_empty_space height=\u00a0\u00bb1px\u00a0\u00bb el_class=\u00a0\u00bbmpadding\u00a0\u00bb][vc_row_inner][vc_column_inner width=\u00a0\u00bb5\/12&Prime; css=\u00a0\u00bb.vc_custom_1718709854089{padding-top: 30px !important;padding-right: 50% !important;padding-bottom: 30px !important;padding-left: 30px !important;background-image: url(https:\/\/to3fxbjivi.preview.infomaniak.website\/wp-content\/uploads\/2024\/06\/bg-adresse.png?id=63) !important;background-position: center !important;background-repeat: no-repeat !important;background-size: cover !important;border-radius: 10px !important;}\u00a0\u00bb][vc_column_text css=\u00a0\u00bb.vc_custom_1760964523180{margin-bottom: 20px !important;}\u00a0\u00bb]<strong>Realco S.A<\/strong><\/p>\n<p>&nbsp;<\/p>\n<p>Av. Albert Einstein 15<br \/>\n1348 Louvain-la-Neuve<br \/>\nBelgique<\/p>\n<p>[\/vc_column_text][vc_raw_html css=\u00a0\u00bb\u00a0\u00bb]JTNDYSUyMGhyZWYlM0QlMjJodHRwcyUzQSUyRiUyRnd3dy5nb29nbGUuY29tJTJGbWFwcyUyRmRpciUyRiUyRmdvb2dsZSUyQm1hcCUyQmVlenltJTJGZGF0YSUzRCUyMTRtNiUyMTRtNSUyMTFtMSUyMTRlMiUyMTFtMiUyMTFtMSUyMTFzMHg0N2MxN2ZhM2FjMTNlZjQ5JTNBMHhlZjU2NzBlOTdhZjc2NzY3JTNGc2ElM0RYJTI2dmVkJTNEMXQlM0EzMDYxJTI2aWN0eCUzRDExMSUyMiUyMGNsYXNzJTNEJTIyYnV0dG9uJTIwYnV0dG9uLS1mbGF0JTIyJTNFJTNDc3BhbiUyMGNsYXNzJTNEJTIyc3ZnJTIwc3ZnLXByb2R1aXRzJTIyJTIwd2lkdGglM0QlMjIyMCUyMiUyMGhlaWdodCUzRCUyMjIxJTIyJTNFJTNDc3ZnJTIwdmlld0JveCUzRCUyMjAlMjAwJTIwMjAlMjAyMSUyMiUyMHdpZHRoJTNEJTIyMjAlMjIlMjBoZWlnaHQlM0QlMjIyMSUyMiUzRSUzQ3VzZSUyMHhsaW5rJTNBaHJlZiUzRCUyMmh0dHBzJTNBJTJGJTJGZWV6eW0lM0E4ODkwJTJGd3AtY29udGVudCUyRnRoZW1lcyUyRmVlenltJTJGc3RhdGljJTJGYXNzZXRzJTJGc3ByaXRlc2hlZXQuc3ZnJTIzaXRpbmVyYWlyZSUyMiUzRSUzQyUyRnVzZSUzRSUzQyUyRnN2ZyUzRSUzQyUyRnNwYW4lM0VpdGluJUMzJUE5cmFpcmUlM0MlMkZhJTNF[\/vc_raw_html][\/vc_column_inner][vc_column_inner width=\u00a0\u00bb1\/12&Prime;][\/vc_column_inner][vc_column_inner width=\u00a0\u00bb6\/12&Prime; el_id=\u00a0\u00bbcontact\u00a0\u00bb][vc_empty_space el_class=\u00a0\u00bbhidden-xs\u00a0\u00bb][vc_column_text css=\u00a0\u00bb\u00a0\u00bb]<\/p>\n<h4>Remplissez le formulaire ci-dessous pour nous contacter. Un conseiller vous r\u00e9pondra dans les plus brefs d\u00e9lais<\/h4>\n<p>[\/vc_column_text]<div class=\"wpforms-container wpforms-container-full wpforms-render-modern\" id=\"wpforms-77\"><form id=\"wpforms-form-77\" class=\"wpforms-validate wpforms-form wpforms-ajax-form\" data-formid=\"77\" method=\"post\" enctype=\"multipart\/form-data\" action=\"\/fr\/wp-json\/wp\/v2\/pages\/49\" data-token=\"3c0a24a0435fcc3d0cbb8a7a14bc130d\" data-token-time=\"1775275367\"><noscript class=\"wpforms-error-noscript\">Veuillez activer JavaScript dans votre navigateur pour remplir ce formulaire.<\/noscript><div class=\"wpforms-hidden\" id=\"wpforms-error-noscript\">Veuillez activer JavaScript dans votre navigateur pour remplir ce formulaire.<\/div><div class=\"wpforms-field-container\"><div id=\"wpforms-77-field_1-container\" class=\"wpforms-field wpforms-field-layout\" data-field-id=\"1\"><label class=\"wpforms-field-label wpforms-label-hide\" aria-hidden=\"false\">Layout<\/label><div class=\"wpforms-field-layout-rows wpforms-field-large\"><div class=\"wpforms-layout-row\"><div class=\"wpforms-layout-column wpforms-layout-column-50\"><div id=\"wpforms-77-field_3-container\" class=\"wpforms-field wpforms-field-text\" data-field-id=\"3\"><label class=\"wpforms-field-label wpforms-label-hide\" for=\"wpforms-77-field_3\" aria-hidden=\"false\">Pr\u00e9nom <span class=\"wpforms-required-label\" aria-hidden=\"true\">*<\/span><\/label><input type=\"text\" id=\"wpforms-77-field_3\" class=\"wpforms-field-medium wpforms-field-required\" name=\"wpforms[fields][3]\" placeholder=\"Pr\u00e9nom*\" aria-errormessage=\"wpforms-77-field_3-error\" required><\/div><\/div><div class=\"wpforms-layout-column wpforms-layout-column-50\"><div id=\"wpforms-77-field_4-container\" class=\"wpforms-field wpforms-field-text\" data-field-id=\"4\"><label class=\"wpforms-field-label wpforms-label-hide\" for=\"wpforms-77-field_4\" aria-hidden=\"false\">Nom <span class=\"wpforms-required-label\" aria-hidden=\"true\">*<\/span><\/label><input type=\"text\" id=\"wpforms-77-field_4\" class=\"wpforms-field-medium wpforms-field-required\" name=\"wpforms[fields][4]\" placeholder=\"Nom*\" aria-errormessage=\"wpforms-77-field_4-error\" required><\/div><\/div><\/div><div class=\"wpforms-layout-row\"><div class=\"wpforms-layout-column wpforms-layout-column-50\"><div id=\"wpforms-77-field_5-container\" class=\"wpforms-field wpforms-field-phone\" data-field-id=\"5\"><label class=\"wpforms-field-label wpforms-label-hide\" for=\"wpforms-77-field_5\" aria-hidden=\"false\">T\u00e9l\u00e9phone<\/label><input type=\"tel\" id=\"wpforms-77-field_5\" class=\"wpforms-field-medium\" data-rule-int-phone-field=\"true\" name=\"wpforms[fields][5]\" placeholder=\"T\u00e9l\u00e9phone\" aria-errormessage=\"wpforms-77-field_5-error\" ><\/div><\/div><div class=\"wpforms-layout-column wpforms-layout-column-50\"><div id=\"wpforms-77-field_6-container\" class=\"wpforms-field wpforms-field-email\" data-field-id=\"6\"><label class=\"wpforms-field-label wpforms-label-hide\" for=\"wpforms-77-field_6\" aria-hidden=\"false\">Email <span class=\"wpforms-required-label\" aria-hidden=\"true\">*<\/span><\/label><input type=\"email\" id=\"wpforms-77-field_6\" class=\"wpforms-field-medium wpforms-field-required\" name=\"wpforms[fields][6]\" placeholder=\"Email*\" spellcheck=\"false\" aria-errormessage=\"wpforms-77-field_6-error\" required><\/div><\/div><\/div><\/div><\/div><div id=\"wpforms-77-field_13-container\" class=\"wpforms-field wpforms-field-select wpforms-field-select-style-classic\" data-field-id=\"13\"><label class=\"wpforms-field-label wpforms-label-hide\" for=\"wpforms-77-field_13\" aria-hidden=\"false\">Sujet <span class=\"wpforms-required-label\" aria-hidden=\"true\">*<\/span><\/label><select id=\"wpforms-77-field_13\" class=\"wpforms-field-large wpforms-field-required\" name=\"wpforms[fields][13]\" required=\"required\"><option value=\"\" class=\"placeholder\" disabled  selected='selected'>Sujet*<\/option><option value=\"Demande d\u2019informations\" >Demande d\u2019informations<\/option><option value=\"Plaintes\" >Plaintes<\/option><\/select><\/div><div id=\"wpforms-77-field_9-container\" class=\"wpforms-field wpforms-field-textarea\" data-field-id=\"9\"><label class=\"wpforms-field-label wpforms-label-hide\" for=\"wpforms-77-field_9\" aria-hidden=\"false\">Votre message <span class=\"wpforms-required-label\" aria-hidden=\"true\">*<\/span><\/label><textarea id=\"wpforms-77-field_9\" class=\"wpforms-field-large wpforms-field-required\" name=\"wpforms[fields][9]\" placeholder=\"Votre message\" aria-errormessage=\"wpforms-77-field_9-error\" required><\/textarea><\/div><div id=\"wpforms-77-field_10-container\" class=\"wpforms-field wpforms-field-checkbox\" data-field-id=\"10\"><fieldset><legend class=\"wpforms-field-label wpforms-label-hide\" aria-hidden=\"false\">PC <span class=\"wpforms-required-label\" aria-hidden=\"true\">*<\/span><\/legend><ul id=\"wpforms-77-field_10\" class=\"wpforms-field-required\"><li class=\"choice-1 depth-1\"><input type=\"checkbox\" id=\"wpforms-77-field_10_1\" name=\"wpforms[fields][10][]\" value=\"J&#039;ai lu et j&#039;accepte la &lt;a target=&quot;_blank&quot; href=&quot;\/wp-content\/uploads\/2024\/09\/Politique-de-confidentialite_texte-FR.pdf&quot;&gt;Politique de confidentialit\u00e9&lt;\/a&gt; du site.\" aria-errormessage=\"wpforms-77-field_10_1-error\" required ><label class=\"wpforms-field-label-inline\" for=\"wpforms-77-field_10_1\">J'ai lu et j'accepte la <a target=\"_blank\" href=\"\/wp-content\/uploads\/2024\/09\/Politique-de-confidentialite_texte-FR.pdf\">Politique de confidentialit\u00e9<\/a> du site.<\/label><\/li><\/ul><\/fieldset><\/div><div id=\"wpforms-77-field_11-container\" class=\"wpforms-field wpforms-field-checkbox\" data-field-id=\"11\"><fieldset><legend class=\"wpforms-field-label wpforms-label-hide\" aria-hidden=\"false\">Traitement <span class=\"wpforms-required-label\" aria-hidden=\"true\">*<\/span><\/legend><ul id=\"wpforms-77-field_11\" class=\"wpforms-field-required\"><li class=\"choice-1 depth-1\"><input type=\"checkbox\" id=\"wpforms-77-field_11_1\" name=\"wpforms[fields][11][]\" value=\"J&#039;accepte que mes informations personnelles soient utilis\u00e9es pour me contacter en r\u00e9ponse \u00e0 ma demande de contact.\" aria-errormessage=\"wpforms-77-field_11_1-error\" required ><label class=\"wpforms-field-label-inline\" for=\"wpforms-77-field_11_1\">J'accepte que mes informations personnelles soient utilis\u00e9es pour me contacter en r\u00e9ponse \u00e0 ma demande de contact.<\/label><\/li><\/ul><\/fieldset><\/div><div id=\"wpforms-77-field_12-container\" class=\"wpforms-field wpforms-field-checkbox\" data-field-id=\"12\"><fieldset><legend class=\"wpforms-field-label wpforms-label-hide\" aria-hidden=\"false\">Newsletter<\/legend><ul id=\"wpforms-77-field_12\"><li class=\"choice-1 depth-1\"><input type=\"checkbox\" id=\"wpforms-77-field_12_1\" name=\"wpforms[fields][12][]\" value=\"Je souhaite recevoir la newsletter et les communications marketing de Eezym.\" aria-errormessage=\"wpforms-77-field_12_1-error\"  ><label class=\"wpforms-field-label-inline\" for=\"wpforms-77-field_12_1\">Je souhaite recevoir la newsletter et les communications marketing de Eezym.<\/label><\/li><\/ul><\/fieldset><\/div><\/div><!-- .wpforms-field-container --><div class=\"wpforms-recaptcha-container wpforms-is-recaptcha wpforms-is-recaptcha-type-v3\" ><input type=\"hidden\" name=\"wpforms[recaptcha]\" value=\"\"><\/div><div class=\"wpforms-submit-container\" ><input type=\"hidden\" name=\"wpforms[id]\" value=\"77\"><input type=\"hidden\" name=\"page_title\" value=\"\"><input type=\"hidden\" name=\"page_url\" value=\"https:\/\/eezym.com\/fr\/wp-json\/wp\/v2\/pages\/49\"><button type=\"submit\" name=\"wpforms[submit]\" id=\"wpforms-submit-77\" class=\"wpforms-submit\" data-alt-text=\"Envoi...\" data-submit-text=\"Envoyer\" aria-live=\"assertive\" value=\"wpforms-submit\">Envoyer<\/button><img loading=\"lazy\" decoding=\"async\" src=\"https:\/\/eezym.com\/wp-content\/plugins\/wpforms\/assets\/images\/submit-spin.svg\" class=\"wpforms-submit-spinner\" style=\"display: none;\" width=\"26\" height=\"26\" alt=\"Chargement en cours\"><\/div><\/form><\/div>  <!-- .wpforms-container -->[\/vc_column_inner][\/vc_row_inner][vc_empty_space height=\u00a0\u00bb1px\u00a0\u00bb el_class=\u00a0\u00bbmpadding\u00a0\u00bb][\/vc_column][\/vc_row]<\/p>\n<\/div>","protected":false},"excerpt":{"rendered":"[vc_row][vc_column width=\u00a0\u00bb4\/12&Prime;][vc_column_text css=\u00a0\u00bb\u00a0\u00bb] Retrouvez dans cette rubrique, les r\u00e9ponses aux questions les plus fr\u00e9quentes. [\/vc_column_text][\/vc_column][vc_column width=\u00a0\u00bb8\/12&Prime; el_class=\u00a0\u00bbfaq\u00a0\u00bb][vc_toggle title=\u00a0\u00bbPuis-je me laver les mains avec ce type de produit?\u00a0\u00bb style=\u00a0\u00bbarrow\u00a0\u00bb custom_font_container=\u00a0\u00bbtag:h4|text_align:left\u00a0\u00bb custom_use_theme_fonts=\u00a0\u00bbyes\u00a0\u00bb css=\u00a0\u00bb\u00a0\u00bb use_custom_heading=\u00a0\u00bbtrue\u00a0\u00bb]Leur pH est neutre et permet, par exemple, de l&rsquo;utiliser pour se laver les mains. Ne laissant pas de r\u00e9sidu chimique qui peut causer&#8230; <a class=\"view-article\" href=\"https:\/\/eezym.com\/fr\/faq\/\">Voir l&rsquo;article<\/a>","protected":false},"author":1,"featured_media":0,"parent":0,"menu_order":0,"comment_status":"closed","ping_status":"closed","template":"","meta":{"_acf_changed":false,"footnotes":""},"class_list":["post-49","page","type-page","status-publish","hentry"],"acf":[],"yoast_head":"<!-- This site is optimized with the Yoast SEO Premium plugin v23.0 (Yoast SEO v23.0) - https:\/\/yoast.com\/wordpress\/plugins\/seo\/ -->\n<title>FAQ - Eezym<\/title>\n<meta name=\"robots\" content=\"index, follow, max-snippet:-1, max-image-preview:large, max-video-preview:-1\" \/>\n<link rel=\"canonical\" href=\"https:\/\/eezym.com\/fr\/faq\/\" \/>\n<meta property=\"og:locale\" content=\"fr_FR\" \/>\n<meta property=\"og:type\" content=\"article\" \/>\n<meta property=\"og:title\" content=\"FAQ\" \/>\n<meta property=\"og:description\" content=\"[vc_row][vc_column width=\u00a0\u00bb4\/12&Prime;][vc_column_text css=\u00a0\u00bb\u00a0\u00bb] Retrouvez dans cette rubrique, les r\u00e9ponses aux questions les plus fr\u00e9quentes. [\/vc_column_text][\/vc_column][vc_column width=\u00a0\u00bb8\/12&Prime; el_class=\u00a0\u00bbfaq\u00a0\u00bb][vc_toggle title=\u00a0\u00bbPuis-je me laver les mains avec ce type de produit?\u00a0\u00bb style=\u00a0\u00bbarrow\u00a0\u00bb custom_font_container=\u00a0\u00bbtag:h4|text_align:left\u00a0\u00bb custom_use_theme_fonts=\u00a0\u00bbyes\u00a0\u00bb css=\u00a0\u00bb\u00a0\u00bb use_custom_heading=\u00a0\u00bbtrue\u00a0\u00bb]Leur pH est neutre et permet, par exemple, de l&rsquo;utiliser pour se laver les mains. Ne laissant pas de r\u00e9sidu chimique qui peut causer... Voir l&#039;article\" \/>\n<meta property=\"og:url\" content=\"https:\/\/eezym.com\/fr\/faq\/\" \/>\n<meta property=\"og:site_name\" content=\"Eezym\" \/>\n<meta property=\"article:modified_time\" content=\"2025-10-20T12:48:46+00:00\" \/>\n<meta name=\"twitter:card\" content=\"summary_large_image\" \/>\n<meta name=\"twitter:label1\" content=\"Dur\u00e9e de lecture estim\u00e9e\" \/>\n\t<meta name=\"twitter:data1\" content=\"2 minutes\" \/>\n<script type=\"application\/ld+json\" class=\"yoast-schema-graph\">{\"@context\":\"https:\/\/schema.org\",\"@graph\":[{\"@type\":\"WebPage\",\"@id\":\"https:\/\/eezym.com\/fr\/faq\/\",\"url\":\"https:\/\/eezym.com\/fr\/faq\/\",\"name\":\"FAQ - Eezym\",\"isPartOf\":{\"@id\":\"https:\/\/eezym.com\/fr\/#website\"},\"datePublished\":\"2024-06-18T10:59:56+00:00\",\"dateModified\":\"2025-10-20T12:48:46+00:00\",\"breadcrumb\":{\"@id\":\"https:\/\/eezym.com\/fr\/faq\/#breadcrumb\"},\"inLanguage\":\"fr-FR\",\"potentialAction\":[{\"@type\":\"ReadAction\",\"target\":[\"https:\/\/eezym.com\/fr\/faq\/\"]}]},{\"@type\":\"BreadcrumbList\",\"@id\":\"https:\/\/eezym.com\/fr\/faq\/#breadcrumb\",\"itemListElement\":[{\"@type\":\"ListItem\",\"position\":1,\"name\":\"Accueil\",\"item\":\"https:\/\/eezym.com\/fr\/\"},{\"@type\":\"ListItem\",\"position\":2,\"name\":\"FAQ\"}]},{\"@type\":\"WebSite\",\"@id\":\"https:\/\/eezym.com\/fr\/#website\",\"url\":\"https:\/\/eezym.com\/fr\/\",\"name\":\"Eezym\",\"description\":\"Eezym ce sont des produits de nettoyage d&#039;origine naturelle mais aussi hyper efficaces! En plus, tout est con\u00e7u et fabriqu\u00e9 en Belgique.\",\"potentialAction\":[{\"@type\":\"SearchAction\",\"target\":{\"@type\":\"EntryPoint\",\"urlTemplate\":\"https:\/\/eezym.com\/fr\/?s={search_term_string}\"},\"query-input\":\"required name=search_term_string\"}],\"inLanguage\":\"fr-FR\"}]}<\/script>\n<!-- \/ Yoast SEO Premium plugin. -->","yoast_head_json":{"title":"FAQ - Eezym","robots":{"index":"index","follow":"follow","max-snippet":"max-snippet:-1","max-image-preview":"max-image-preview:large","max-video-preview":"max-video-preview:-1"},"canonical":"https:\/\/eezym.com\/fr\/faq\/","og_locale":"fr_FR","og_type":"article","og_title":"FAQ","og_description":"[vc_row][vc_column width=\u00a0\u00bb4\/12&Prime;][vc_column_text css=\u00a0\u00bb\u00a0\u00bb] Retrouvez dans cette rubrique, les r\u00e9ponses aux questions les plus fr\u00e9quentes. [\/vc_column_text][\/vc_column][vc_column width=\u00a0\u00bb8\/12&Prime; el_class=\u00a0\u00bbfaq\u00a0\u00bb][vc_toggle title=\u00a0\u00bbPuis-je me laver les mains avec ce type de produit?\u00a0\u00bb style=\u00a0\u00bbarrow\u00a0\u00bb custom_font_container=\u00a0\u00bbtag:h4|text_align:left\u00a0\u00bb custom_use_theme_fonts=\u00a0\u00bbyes\u00a0\u00bb css=\u00a0\u00bb\u00a0\u00bb use_custom_heading=\u00a0\u00bbtrue\u00a0\u00bb]Leur pH est neutre et permet, par exemple, de l&rsquo;utiliser pour se laver les mains. Ne laissant pas de r\u00e9sidu chimique qui peut causer... Voir l'article","og_url":"https:\/\/eezym.com\/fr\/faq\/","og_site_name":"Eezym","article_modified_time":"2025-10-20T12:48:46+00:00","twitter_card":"summary_large_image","twitter_misc":{"Dur\u00e9e de lecture estim\u00e9e":"2 minutes"},"schema":{"@context":"https:\/\/schema.org","@graph":[{"@type":"WebPage","@id":"https:\/\/eezym.com\/fr\/faq\/","url":"https:\/\/eezym.com\/fr\/faq\/","name":"FAQ - Eezym","isPartOf":{"@id":"https:\/\/eezym.com\/fr\/#website"},"datePublished":"2024-06-18T10:59:56+00:00","dateModified":"2025-10-20T12:48:46+00:00","breadcrumb":{"@id":"https:\/\/eezym.com\/fr\/faq\/#breadcrumb"},"inLanguage":"fr-FR","potentialAction":[{"@type":"ReadAction","target":["https:\/\/eezym.com\/fr\/faq\/"]}]},{"@type":"BreadcrumbList","@id":"https:\/\/eezym.com\/fr\/faq\/#breadcrumb","itemListElement":[{"@type":"ListItem","position":1,"name":"Accueil","item":"https:\/\/eezym.com\/fr\/"},{"@type":"ListItem","position":2,"name":"FAQ"}]},{"@type":"WebSite","@id":"https:\/\/eezym.com\/fr\/#website","url":"https:\/\/eezym.com\/fr\/","name":"Eezym","description":"Eezym ce sont des produits de nettoyage d&#039;origine naturelle mais aussi hyper efficaces! En plus, tout est con\u00e7u et fabriqu\u00e9 en Belgique.","potentialAction":[{"@type":"SearchAction","target":{"@type":"EntryPoint","urlTemplate":"https:\/\/eezym.com\/fr\/?s={search_term_string}"},"query-input":"required name=search_term_string"}],"inLanguage":"fr-FR"}]}},"_links":{"self":[{"href":"https:\/\/eezym.com\/fr\/wp-json\/wp\/v2\/pages\/49","targetHints":{"allow":["GET"]}}],"collection":[{"href":"https:\/\/eezym.com\/fr\/wp-json\/wp\/v2\/pages"}],"about":[{"href":"https:\/\/eezym.com\/fr\/wp-json\/wp\/v2\/types\/page"}],"author":[{"embeddable":true,"href":"https:\/\/eezym.com\/fr\/wp-json\/wp\/v2\/users\/1"}],"replies":[{"embeddable":true,"href":"https:\/\/eezym.com\/fr\/wp-json\/wp\/v2\/comments?post=49"}],"version-history":[{"count":34,"href":"https:\/\/eezym.com\/fr\/wp-json\/wp\/v2\/pages\/49\/revisions"}],"predecessor-version":[{"id":1494,"href":"https:\/\/eezym.com\/fr\/wp-json\/wp\/v2\/pages\/49\/revisions\/1494"}],"wp:attachment":[{"href":"https:\/\/eezym.com\/fr\/wp-json\/wp\/v2\/media?parent=49"}],"curies":[{"name":"wp","href":"https:\/\/api.w.org\/{rel}","templated":true}]}}