{"id":8,"date":"2024-06-13T06:32:39","date_gmt":"2024-06-13T06:32:39","guid":{"rendered":"https:\/\/to3fxbjivi.preview.infomaniak.website\/?page_id=8"},"modified":"2026-01-20T09:38:02","modified_gmt":"2026-01-20T09:38:02","slug":"notre-histoire","status":"publish","type":"page","link":"https:\/\/eezym.com\/fr\/notre-histoire\/","title":{"rendered":"Notre histoire"},"content":{"rendered":"<div class=\"wpb-content-wrapper\"><p>[vc_row equal_height=\u00a0\u00bbyes\u00a0\u00bb content_placement=\u00a0\u00bbbottom\u00a0\u00bb][vc_column width=\u00a0\u00bb5\/12&Prime;][vc_column_text css=\u00a0\u00bb\u00a0\u00bb]<\/p>\n<h4>Nos produits de nettoyage Eezym s&rsquo;appuient sur l&rsquo;expertise de l&rsquo;entreprise Realco, active depuis plus de 30 ans dans le domaine des nettoyants \u00e0 base d&rsquo;enzymes en milieu professionnel.<\/h4>\n<p>[\/vc_column_text][vc_raw_html css=\u00a0\u00bb\u00a0\u00bb]JTNDYSUyMGhyZWYlM0QlMjJodHRwcyUzQSUyRiUyRnRvM2Z4YmppdmkucHJldmlldy5pbmZvbWFuaWFrLndlYnNpdGUlMkZmciUyRm5vcy1lbmdhZ2VtZW50cyUyRiUyMiUyMGNsYXNzJTNEJTIyYnV0dG9uJTIwYnV0dG9uLS1mbGF0JTIyJTNFJTNDc3BhbiUyMGNsYXNzJTNEJTIyc3ZnJTIwc3ZnLWVuZ2FnZW1lbnRzJTIyJTIwd2lkdGglM0QlMjIyMCUyMiUyMGhlaWdodCUzRCUyMjIwJTIyJTNFJTNDc3ZnJTIwdmlld0JveCUzRCUyMjAlMjAwJTIwMjAlMjAyMCUyMiUyMHdpZHRoJTNEJTIyMjAlMjIlMjBoZWlnaHQlM0QlMjIyMCUyMiUzRSUzQ3VzZSUyMHhsaW5rJTNBaHJlZiUzRCUyMiUyRndwLWNvbnRlbnQlMkZ0aGVtZXMlMkZlZXp5bSUyRnN0YXRpYyUyRmFzc2V0cyUyRnNwcml0ZXNoZWV0LnN2ZyUyM2VuZ2FnZW1lbnRzJTIyJTNFJTNDJTJGdXNlJTNFJTNDJTJGc3ZnJTNFJTNDJTJGc3BhbiUzRSUyME5vcyUyMGVuZ2FnZW1lbnRzJTNDJTJGYSUzRQ==[\/vc_raw_html][\/vc_column][vc_column width=\u00a0\u00bb1\/12&Prime;][\/vc_column][vc_column width=\u00a0\u00bb6\/12&Prime;][vc_column_text css=\u00a0\u00bb\u00a0\u00bb]Install\u00e9e \u00e0 Louvain-la-Neuve depuis trois d\u00e9cennies, Realco est r\u00e9solument tourn\u00e9e vers le d\u00e9fi majeur de la transition socio-\u00e9cologique. Notre entreprise compte aujourd&rsquo;hui plus de cinquante employ\u00e9s travaillant avec passion pour vous offrir des produits nettoyants \u00e0 la fois sains, naturels et d&rsquo;une efficacit\u00e9 incomparable.[\/vc_column_text][\/vc_column][\/vc_row][vc_row][vc_column offset=\u00a0\u00bbvc_hidden-sm vc_hidden-xs\u00a0\u00bb][vc_empty_space height=\u00a0\u00bb1px\u00a0\u00bb el_class=\u00a0\u00bbmpadding\u00a0\u00bb][vc_single_image image=\u00a0\u00bb898&Prime; img_size=\u00a0\u00bbfull\u00a0\u00bb alignment=\u00a0\u00bbcenter\u00a0\u00bb css=\u00a0\u00bb\u00a0\u00bb][vc_empty_space height=\u00a0\u00bb1px\u00a0\u00bb el_class=\u00a0\u00bbspadding\u00a0\u00bb][\/vc_column][\/vc_row][vc_row][vc_column offset=\u00a0\u00bbvc_hidden-lg vc_hidden-md\u00a0\u00bb][vc_row_inner][vc_column_inner offset=\u00a0\u00bbvc_col-xs-12&Prime;][vc_empty_space height=\u00a0\u00bb1px\u00a0\u00bb el_class=\u00a0\u00bbmpadding\u00a0\u00bb][vc_column_text css=\u00a0\u00bb\u00a0\u00bb]<\/p>\n<h3>Les dates qui ont forg\u00e9 l&rsquo;expertise de Realco<\/h3>\n<p>[\/vc_column_text][vc_toggle title=\u00a0\u00bb1968&Prime; style=\u00a0\u00bbarrow\u00a0\u00bb open=\u00a0\u00bbtrue\u00a0\u00bb css=\u00a0\u00bb\u00a0\u00bb el_class=\u00a0\u00bbu-text-center\u00a0\u00bb]Cr\u00e9ation de Realco \u00e0 Gembloux. L&rsquo;entreprise est \u00e0 ce moment active dans le secteur du traitement des eaux[\/vc_toggle][vc_toggle title=\u00a0\u00bb1991&Prime; style=\u00a0\u00bbarrow\u00a0\u00bb css=\u00a0\u00bb\u00a0\u00bb el_class=\u00a0\u00bbu-text-center\u00a0\u00bb]<img loading=\"lazy\" decoding=\"async\" width=\"94\" height=\"94\" class=\"size-full wp-image-645 aligncenter u-text-center\" src=\"https:\/\/to3fxbjivi.preview.infomaniak.website\/wp-content\/uploads\/2024\/07\/1991.png\" alt=\"\" \/><\/p>\n<p>Gordon Blackman acquiert Realco et r\u00e9oriente cette derni\u00e8re vers le d\u00e9veloppement de la technologie enzymatique[\/vc_toggle][vc_toggle title=\u00a0\u00bb1995&Prime; style=\u00a0\u00bbarrow\u00a0\u00bb css=\u00a0\u00bb\u00a0\u00bb el_class=\u00a0\u00bbu-text-center\u00a0\u00bb]Implantation de Realco dans le Parc industriel Albert Einstein<!-- notionvc: 86f318f2-79f4-4603-a12d-ffde6dea1f01 --> de Louvain-la-Neuve. La soci\u00e9t\u00e9 y est toujours actuellement.[\/vc_toggle][vc_toggle title=\u00a0\u00bb2008&Prime; style=\u00a0\u00bbarrow\u00a0\u00bb css=\u00a0\u00bb\u00a0\u00bb el_class=\u00a0\u00bbu-text-center\u00a0\u00bb]D\u00e9couverte majeure sur le processus de fonctionnement des enzymes qui permet de pr\u00e9venir les risques de contamination en milieu professionnel.[\/vc_toggle][vc_toggle title=\u00a0\u00bb2017&Prime; style=\u00a0\u00bbarrow\u00a0\u00bb css=\u00a0\u00bb\u00a0\u00bb el_class=\u00a0\u00bbu-text-center\u00a0\u00bb]Fort de son expertise reconnue dans le domaine de la s\u00e9curit\u00e9 alimentaire industrielle, Realco lance Eezym, sa gamme de produits nettoyants respectueuse de la nature et de l&rsquo;humain sp\u00e9cialement con\u00e7ue pour le grand public.[\/vc_toggle][vc_toggle title=\u00a0\u00bb2019&Prime; style=\u00a0\u00bbarrow\u00a0\u00bb css=\u00a0\u00bb\u00a0\u00bb el_class=\u00a0\u00bbu-text-center\u00a0\u00bb]<img loading=\"lazy\" decoding=\"async\" width=\"94\" height=\"94\" class=\"alignnone size-full wp-image-653\" src=\"https:\/\/to3fxbjivi.preview.infomaniak.website\/wp-content\/uploads\/2024\/07\/eco.png\" alt=\"\" \/><\/p>\n<p>Lancement des produits certifi\u00e9s Ecocert, nouvelle \u00e9tape pour atteindre l&rsquo;objectif de transition socio-\u00e9cologique voulue par Realco[\/vc_toggle][vc_toggle title=\u00a0\u00bb2024&Prime; style=\u00a0\u00bbarrow\u00a0\u00bb css=\u00a0\u00bb\u00a0\u00bb el_class=\u00a0\u00bbu-text-center\u00a0\u00bb]Nouvelle \u00e9tape dans la transformation socio-\u00e9cologique de Eezym avec un relifting g\u00e9n\u00e9ral de la marque et surtout un passage aux plastique recycl\u00e9 pour l&#8217;emballage de nombreux produits.[\/vc_toggle][vc_empty_space height=\u00a0\u00bb1px\u00a0\u00bb el_class=\u00a0\u00bbspadding\u00a0\u00bb][\/vc_column_inner][\/vc_row_inner][\/vc_column][\/vc_row][vc_row content_placement=\u00a0\u00bbbottom\u00a0\u00bb][vc_column width=\u00a0\u00bb5\/12&Prime;][vc_column_text css=\u00a0\u00bb\u00a0\u00bb]<\/p>\n<h3>Une m\u00e9thode test\u00e9e et valid\u00e9e par la science<\/h3>\n<p>[\/vc_column_text][vc_raw_html css=\u00a0\u00bb\u00a0\u00bb]JTNDYSUyMGhyZWYlM0QlMjJodHRwcyUzQSUyRiUyRnRvM2Z4YmppdmkucHJldmlldy5pbmZvbWFuaWFrLndlYnNpdGUlMkZmciUyRmxlcy1lbnp5bWVzLWNlc3QtcXVvaSUyRiUyMiUyMGNsYXNzJTNEJTIyYnV0dG9uJTIwYnV0dG9uLS1mbGF0JTIyJTNFJTNDc3BhbiUyMGNsYXNzJTNEJTIyc3ZnJTIwc3ZnLWVuZ2FnZW1lbnRzJTIyJTIwd2lkdGglM0QlMjIyMCUyMiUyMGhlaWdodCUzRCUyMjIwJTIyJTNFJTNDc3ZnJTIwdmlld0JveCUzRCUyMjAlMjAwJTIwMjAlMjAyMCUyMiUyMHdpZHRoJTNEJTIyMjAlMjIlMjBoZWlnaHQlM0QlMjIyMCUyMiUzRSUzQ3VzZSUyMHhsaW5rJTNBaHJlZiUzRCUyMiUyRndwLWNvbnRlbnQlMkZ0aGVtZXMlMkZlZXp5bSUyRnN0YXRpYyUyRmFzc2V0cyUyRnNwcml0ZXNoZWV0LnN2ZyUyM2VuenltZXMlMjIlM0UlM0MlMkZ1c2UlM0UlM0MlMkZzdmclM0UlM0MlMkZzcGFuJTNFJTIwTGVzJTIwZW56eW1lcyUzQyUyRmElM0U=[\/vc_raw_html][vc_empty_space height=\u00a0\u00bb1px\u00a0\u00bb el_class=\u00a0\u00bbmpadding\u00a0\u00bb][\/vc_column][vc_column width=\u00a0\u00bb1\/12&Prime;][\/vc_column][vc_column width=\u00a0\u00bb6\/12&Prime;][vc_toggle title=\u00a0\u00bbExpertise n\u00b01&Prime; style=\u00a0\u00bbarrow\u00a0\u00bb open=\u00a0\u00bbtrue\u00a0\u00bb css=\u00a0\u00bb\u00a0\u00bb]Pendant 2 ans, Realco a men\u00e9 une \u00e9tude scientifique sur ses nettoyants. Celle-ci confirme que les producteurs alimentaires prolongent la dur\u00e9e de vie de leurs produits lorsqu\u2019ils nettoient leurs lignes de production et leur \u00e9quipement avec des solutions enzymatiques.[\/vc_toggle][vc_toggle title=\u00a0\u00bbExpertise n\u00b02&Prime; style=\u00a0\u00bbarrow\u00a0\u00bb css=\u00a0\u00bb\u00a0\u00bb]Realco a d\u00e9velopp\u00e9 une gamme de produits brevet\u00e9e contenant un cocktail sp\u00e9cifique d\u2019enzymes, permettant de pr\u00e9venir et combattre les probl\u00e8mes de contaminations en milieu professionnel (industries agro-alimentaires, restauration collective, pharma,\u2026)<!-- notionvc: f17c4ce7-f83d-4ce1-b134-5835cedb0931 -->[\/vc_toggle][\/vc_column][\/vc_row]<\/p>\n<\/div>","protected":false},"excerpt":{"rendered":"[vc_row equal_height=\u00a0\u00bbyes\u00a0\u00bb content_placement=\u00a0\u00bbbottom\u00a0\u00bb][vc_column width=\u00a0\u00bb5\/12&Prime;][vc_column_text css=\u00a0\u00bb\u00a0\u00bb] Nos produits de nettoyage Eezym s&rsquo;appuient sur l&rsquo;expertise de l&rsquo;entreprise Realco, active depuis plus de 30 ans dans le domaine des nettoyants \u00e0 base d&rsquo;enzymes en milieu professionnel. [\/vc_column_text][vc_raw_html css=\u00a0\u00bb\u00a0\u00bb]JTNDYSUyMGhyZWYlM0QlMjJodHRwcyUzQSUyRiUyRnRvM2Z4YmppdmkucHJldmlldy5pbmZvbWFuaWFrLndlYnNpdGUlMkZmciUyRm5vcy1lbmdhZ2VtZW50cyUyRiUyMiUyMGNsYXNzJTNEJTIyYnV0dG9uJTIwYnV0dG9uLS1mbGF0JTIyJTNFJTNDc3BhbiUyMGNsYXNzJTNEJTIyc3ZnJTIwc3ZnLWVuZ2FnZW1lbnRzJTIyJTIwd2lkdGglM0QlMjIyMCUyMiUyMGhlaWdodCUzRCUyMjIwJTIyJTNFJTNDc3ZnJTIwdmlld0JveCUzRCUyMjAlMjAwJTIwMjAlMjAyMCUyMiUyMHdpZHRoJTNEJTIyMjAlMjIlMjBoZWlnaHQlM0QlMjIyMCUyMiUzRSUzQ3VzZSUyMHhsaW5rJTNBaHJlZiUzRCUyMiUyRndwLWNvbnRlbnQlMkZ0aGVtZXMlMkZlZXp5bSUyRnN0YXRpYyUyRmFzc2V0cyUyRnNwcml0ZXNoZWV0LnN2ZyUyM2VuZ2FnZW1lbnRzJTIyJTNFJTNDJTJGdXNlJTNFJTNDJTJGc3ZnJTNFJTNDJTJGc3BhbiUzRSUyME5vcyUyMGVuZ2FnZW1lbnRzJTNDJTJGYSUzRQ==[\/vc_raw_html][\/vc_column][vc_column width=\u00a0\u00bb1\/12&Prime;][\/vc_column][vc_column width=\u00a0\u00bb6\/12&Prime;][vc_column_text css=\u00a0\u00bb\u00a0\u00bb]Install\u00e9e \u00e0 Louvain-la-Neuve depuis trois d\u00e9cennies, Realco est r\u00e9solument tourn\u00e9e vers le d\u00e9fi majeur de la transition socio-\u00e9cologique&#8230;. <a class=\"view-article\" href=\"https:\/\/eezym.com\/fr\/notre-histoire\/\">Voir l&rsquo;article<\/a>","protected":false},"author":1,"featured_media":0,"parent":0,"menu_order":0,"comment_status":"closed","ping_status":"closed","template":"template-histoire.php","meta":{"_acf_changed":false,"footnotes":""},"class_list":["post-8","page","type-page","status-publish","hentry"],"acf":[],"yoast_head":"<!-- This site is optimized with the Yoast SEO Premium plugin v23.0 (Yoast SEO v23.0) - https:\/\/yoast.com\/wordpress\/plugins\/seo\/ -->\n<title>Notre histoire - Eezym<\/title>\n<meta name=\"robots\" content=\"index, follow, max-snippet:-1, max-image-preview:large, max-video-preview:-1\" \/>\n<link rel=\"canonical\" href=\"https:\/\/eezym.com\/fr\/notre-histoire\/\" \/>\n<meta property=\"og:locale\" content=\"fr_FR\" \/>\n<meta property=\"og:type\" content=\"article\" \/>\n<meta property=\"og:title\" content=\"Notre histoire\" \/>\n<meta property=\"og:description\" content=\"[vc_row equal_height=\u00a0\u00bbyes\u00a0\u00bb content_placement=\u00a0\u00bbbottom\u00a0\u00bb][vc_column width=\u00a0\u00bb5\/12&Prime;][vc_column_text css=\u00a0\u00bb\u00a0\u00bb] Nos produits de nettoyage Eezym s&rsquo;appuient sur l&rsquo;expertise de l&rsquo;entreprise Realco, active depuis plus de 30 ans dans le domaine des nettoyants \u00e0 base d&rsquo;enzymes en milieu professionnel. [\/vc_column_text][vc_raw_html css=\u00a0\u00bb\u00a0\u00bb]JTNDYSUyMGhyZWYlM0QlMjJodHRwcyUzQSUyRiUyRnRvM2Z4YmppdmkucHJldmlldy5pbmZvbWFuaWFrLndlYnNpdGUlMkZmciUyRm5vcy1lbmdhZ2VtZW50cyUyRiUyMiUyMGNsYXNzJTNEJTIyYnV0dG9uJTIwYnV0dG9uLS1mbGF0JTIyJTNFJTNDc3BhbiUyMGNsYXNzJTNEJTIyc3ZnJTIwc3ZnLWVuZ2FnZW1lbnRzJTIyJTIwd2lkdGglM0QlMjIyMCUyMiUyMGhlaWdodCUzRCUyMjIwJTIyJTNFJTNDc3ZnJTIwdmlld0JveCUzRCUyMjAlMjAwJTIwMjAlMjAyMCUyMiUyMHdpZHRoJTNEJTIyMjAlMjIlMjBoZWlnaHQlM0QlMjIyMCUyMiUzRSUzQ3VzZSUyMHhsaW5rJTNBaHJlZiUzRCUyMiUyRndwLWNvbnRlbnQlMkZ0aGVtZXMlMkZlZXp5bSUyRnN0YXRpYyUyRmFzc2V0cyUyRnNwcml0ZXNoZWV0LnN2ZyUyM2VuZ2FnZW1lbnRzJTIyJTNFJTNDJTJGdXNlJTNFJTNDJTJGc3ZnJTNFJTNDJTJGc3BhbiUzRSUyME5vcyUyMGVuZ2FnZW1lbnRzJTNDJTJGYSUzRQ==[\/vc_raw_html][\/vc_column][vc_column width=\u00a0\u00bb1\/12&Prime;][\/vc_column][vc_column width=\u00a0\u00bb6\/12&Prime;][vc_column_text css=\u00a0\u00bb\u00a0\u00bb]Install\u00e9e \u00e0 Louvain-la-Neuve depuis trois d\u00e9cennies, Realco est r\u00e9solument tourn\u00e9e vers le d\u00e9fi majeur de la transition socio-\u00e9cologique.... Voir l&#039;article\" \/>\n<meta property=\"og:url\" content=\"https:\/\/eezym.com\/fr\/notre-histoire\/\" \/>\n<meta property=\"og:site_name\" content=\"Eezym\" \/>\n<meta property=\"article:modified_time\" content=\"2026-01-20T09:38:02+00:00\" \/>\n<meta property=\"og:image\" content=\"https:\/\/to3fxbjivi.preview.infomaniak.website\/wp-content\/uploads\/2024\/07\/1991.png\" \/>\n<meta name=\"twitter:card\" content=\"summary_large_image\" \/>\n<meta name=\"twitter:label1\" content=\"Dur\u00e9e de lecture estim\u00e9e\" \/>\n\t<meta name=\"twitter:data1\" content=\"3 minutes\" \/>\n<script type=\"application\/ld+json\" class=\"yoast-schema-graph\">{\"@context\":\"https:\/\/schema.org\",\"@graph\":[{\"@type\":\"WebPage\",\"@id\":\"https:\/\/eezym.com\/fr\/notre-histoire\/\",\"url\":\"https:\/\/eezym.com\/fr\/notre-histoire\/\",\"name\":\"Notre histoire - Eezym\",\"isPartOf\":{\"@id\":\"https:\/\/eezym.com\/fr\/#website\"},\"primaryImageOfPage\":{\"@id\":\"https:\/\/eezym.com\/fr\/notre-histoire\/#primaryimage\"},\"image\":{\"@id\":\"https:\/\/eezym.com\/fr\/notre-histoire\/#primaryimage\"},\"thumbnailUrl\":\"https:\/\/to3fxbjivi.preview.infomaniak.website\/wp-content\/uploads\/2024\/07\/1991.png\",\"datePublished\":\"2024-06-13T06:32:39+00:00\",\"dateModified\":\"2026-01-20T09:38:02+00:00\",\"breadcrumb\":{\"@id\":\"https:\/\/eezym.com\/fr\/notre-histoire\/#breadcrumb\"},\"inLanguage\":\"fr-FR\",\"potentialAction\":[{\"@type\":\"ReadAction\",\"target\":[\"https:\/\/eezym.com\/fr\/notre-histoire\/\"]}]},{\"@type\":\"ImageObject\",\"inLanguage\":\"fr-FR\",\"@id\":\"https:\/\/eezym.com\/fr\/notre-histoire\/#primaryimage\",\"url\":\"https:\/\/to3fxbjivi.preview.infomaniak.website\/wp-content\/uploads\/2024\/07\/1991.png\",\"contentUrl\":\"https:\/\/to3fxbjivi.preview.infomaniak.website\/wp-content\/uploads\/2024\/07\/1991.png\"},{\"@type\":\"BreadcrumbList\",\"@id\":\"https:\/\/eezym.com\/fr\/notre-histoire\/#breadcrumb\",\"itemListElement\":[{\"@type\":\"ListItem\",\"position\":1,\"name\":\"Accueil\",\"item\":\"https:\/\/eezym.com\/fr\/\"},{\"@type\":\"ListItem\",\"position\":2,\"name\":\"Notre histoire\"}]},{\"@type\":\"WebSite\",\"@id\":\"https:\/\/eezym.com\/fr\/#website\",\"url\":\"https:\/\/eezym.com\/fr\/\",\"name\":\"Eezym\",\"description\":\"Eezym ce sont des produits de nettoyage d&#039;origine naturelle mais aussi hyper efficaces! En plus, tout est con\u00e7u et fabriqu\u00e9 en Belgique.\",\"potentialAction\":[{\"@type\":\"SearchAction\",\"target\":{\"@type\":\"EntryPoint\",\"urlTemplate\":\"https:\/\/eezym.com\/fr\/?s={search_term_string}\"},\"query-input\":\"required name=search_term_string\"}],\"inLanguage\":\"fr-FR\"}]}<\/script>\n<!-- \/ Yoast SEO Premium plugin. -->","yoast_head_json":{"title":"Notre histoire - Eezym","robots":{"index":"index","follow":"follow","max-snippet":"max-snippet:-1","max-image-preview":"max-image-preview:large","max-video-preview":"max-video-preview:-1"},"canonical":"https:\/\/eezym.com\/fr\/notre-histoire\/","og_locale":"fr_FR","og_type":"article","og_title":"Notre histoire","og_description":"[vc_row equal_height=\u00a0\u00bbyes\u00a0\u00bb content_placement=\u00a0\u00bbbottom\u00a0\u00bb][vc_column width=\u00a0\u00bb5\/12&Prime;][vc_column_text css=\u00a0\u00bb\u00a0\u00bb] Nos produits de nettoyage Eezym s&rsquo;appuient sur l&rsquo;expertise de l&rsquo;entreprise Realco, active depuis plus de 30 ans dans le domaine des nettoyants \u00e0 base d&rsquo;enzymes en milieu professionnel. [\/vc_column_text][vc_raw_html css=\u00a0\u00bb\u00a0\u00bb]JTNDYSUyMGhyZWYlM0QlMjJodHRwcyUzQSUyRiUyRnRvM2Z4YmppdmkucHJldmlldy5pbmZvbWFuaWFrLndlYnNpdGUlMkZmciUyRm5vcy1lbmdhZ2VtZW50cyUyRiUyMiUyMGNsYXNzJTNEJTIyYnV0dG9uJTIwYnV0dG9uLS1mbGF0JTIyJTNFJTNDc3BhbiUyMGNsYXNzJTNEJTIyc3ZnJTIwc3ZnLWVuZ2FnZW1lbnRzJTIyJTIwd2lkdGglM0QlMjIyMCUyMiUyMGhlaWdodCUzRCUyMjIwJTIyJTNFJTNDc3ZnJTIwdmlld0JveCUzRCUyMjAlMjAwJTIwMjAlMjAyMCUyMiUyMHdpZHRoJTNEJTIyMjAlMjIlMjBoZWlnaHQlM0QlMjIyMCUyMiUzRSUzQ3VzZSUyMHhsaW5rJTNBaHJlZiUzRCUyMiUyRndwLWNvbnRlbnQlMkZ0aGVtZXMlMkZlZXp5bSUyRnN0YXRpYyUyRmFzc2V0cyUyRnNwcml0ZXNoZWV0LnN2ZyUyM2VuZ2FnZW1lbnRzJTIyJTNFJTNDJTJGdXNlJTNFJTNDJTJGc3ZnJTNFJTNDJTJGc3BhbiUzRSUyME5vcyUyMGVuZ2FnZW1lbnRzJTNDJTJGYSUzRQ==[\/vc_raw_html][\/vc_column][vc_column width=\u00a0\u00bb1\/12&Prime;][\/vc_column][vc_column width=\u00a0\u00bb6\/12&Prime;][vc_column_text css=\u00a0\u00bb\u00a0\u00bb]Install\u00e9e \u00e0 Louvain-la-Neuve depuis trois d\u00e9cennies, Realco est r\u00e9solument tourn\u00e9e vers le d\u00e9fi majeur de la transition socio-\u00e9cologique.... Voir l'article","og_url":"https:\/\/eezym.com\/fr\/notre-histoire\/","og_site_name":"Eezym","article_modified_time":"2026-01-20T09:38:02+00:00","og_image":[{"url":"https:\/\/to3fxbjivi.preview.infomaniak.website\/wp-content\/uploads\/2024\/07\/1991.png"}],"twitter_card":"summary_large_image","twitter_misc":{"Dur\u00e9e de lecture estim\u00e9e":"3 minutes"},"schema":{"@context":"https:\/\/schema.org","@graph":[{"@type":"WebPage","@id":"https:\/\/eezym.com\/fr\/notre-histoire\/","url":"https:\/\/eezym.com\/fr\/notre-histoire\/","name":"Notre histoire - Eezym","isPartOf":{"@id":"https:\/\/eezym.com\/fr\/#website"},"primaryImageOfPage":{"@id":"https:\/\/eezym.com\/fr\/notre-histoire\/#primaryimage"},"image":{"@id":"https:\/\/eezym.com\/fr\/notre-histoire\/#primaryimage"},"thumbnailUrl":"https:\/\/to3fxbjivi.preview.infomaniak.website\/wp-content\/uploads\/2024\/07\/1991.png","datePublished":"2024-06-13T06:32:39+00:00","dateModified":"2026-01-20T09:38:02+00:00","breadcrumb":{"@id":"https:\/\/eezym.com\/fr\/notre-histoire\/#breadcrumb"},"inLanguage":"fr-FR","potentialAction":[{"@type":"ReadAction","target":["https:\/\/eezym.com\/fr\/notre-histoire\/"]}]},{"@type":"ImageObject","inLanguage":"fr-FR","@id":"https:\/\/eezym.com\/fr\/notre-histoire\/#primaryimage","url":"https:\/\/to3fxbjivi.preview.infomaniak.website\/wp-content\/uploads\/2024\/07\/1991.png","contentUrl":"https:\/\/to3fxbjivi.preview.infomaniak.website\/wp-content\/uploads\/2024\/07\/1991.png"},{"@type":"BreadcrumbList","@id":"https:\/\/eezym.com\/fr\/notre-histoire\/#breadcrumb","itemListElement":[{"@type":"ListItem","position":1,"name":"Accueil","item":"https:\/\/eezym.com\/fr\/"},{"@type":"ListItem","position":2,"name":"Notre histoire"}]},{"@type":"WebSite","@id":"https:\/\/eezym.com\/fr\/#website","url":"https:\/\/eezym.com\/fr\/","name":"Eezym","description":"Eezym ce sont des produits de nettoyage d&#039;origine naturelle mais aussi hyper efficaces! En plus, tout est con\u00e7u et fabriqu\u00e9 en Belgique.","potentialAction":[{"@type":"SearchAction","target":{"@type":"EntryPoint","urlTemplate":"https:\/\/eezym.com\/fr\/?s={search_term_string}"},"query-input":"required name=search_term_string"}],"inLanguage":"fr-FR"}]}},"_links":{"self":[{"href":"https:\/\/eezym.com\/fr\/wp-json\/wp\/v2\/pages\/8","targetHints":{"allow":["GET"]}}],"collection":[{"href":"https:\/\/eezym.com\/fr\/wp-json\/wp\/v2\/pages"}],"about":[{"href":"https:\/\/eezym.com\/fr\/wp-json\/wp\/v2\/types\/page"}],"author":[{"embeddable":true,"href":"https:\/\/eezym.com\/fr\/wp-json\/wp\/v2\/users\/1"}],"replies":[{"embeddable":true,"href":"https:\/\/eezym.com\/fr\/wp-json\/wp\/v2\/comments?post=8"}],"version-history":[{"count":68,"href":"https:\/\/eezym.com\/fr\/wp-json\/wp\/v2\/pages\/8\/revisions"}],"predecessor-version":[{"id":1662,"href":"https:\/\/eezym.com\/fr\/wp-json\/wp\/v2\/pages\/8\/revisions\/1662"}],"wp:attachment":[{"href":"https:\/\/eezym.com\/fr\/wp-json\/wp\/v2\/media?parent=8"}],"curies":[{"name":"wp","href":"https:\/\/api.w.org\/{rel}","templated":true}]}}